{"id":1046,"date":"2021-02-17T16:38:54","date_gmt":"2021-02-17T16:38:54","guid":{"rendered":"http:\/\/shop.belar.md\/product\/christina-unstress-stabilizing-toner\/"},"modified":"2026-04-17T05:00:39","modified_gmt":"2026-04-17T05:00:39","slug":"christina-unstress-stabilizing-toner","status":"publish","type":"product","link":"https:\/\/shop.belar.md\/ro\/product\/christina-unstress-stabilizing-toner\/","title":{"rendered":"Christina Unstress Stabilizing Toner"},"content":{"rendered":"<p>Un toner u\u0219or acid cur\u0103\u021b\u0103 delicat pielea de reziduuri de machiaj, impurit\u0103\u021bi de suprafa\u021b\u0103 \u0219i sebum, preg\u0103tind pielea pentru urm\u0103toarele etape de \u00eengrijire. Are un efect calmant, promoveaz\u0103 procesele de regenerare.<br \/>\nIngrediente: Ap\u0103 deionizat\u0103, glicerin\u0103, extracte de s\u0103pun, castrave\u021bi, broccoli, aloe, asiatica centella, 1% acid glicolic, 1% acid lactic, pantenol.<br \/>\nInstruc\u021biuni: Aplica\u021bi medicamentul pe un disc de bumbac, trata\u021bi-v\u0103 fa\u021ba, g\u00e2tul \u0219i decolteul cu el.<br \/>\n<\/p>","protected":false},"excerpt":{"rendered":"<p>Toner stabilizant, 300 ml<\/p>\n","protected":false},"featured_media":1045,"template":"","meta":[],"product_cat":[41],"product_tag":[],"_links":{"self":[{"href":"https:\/\/shop.belar.md\/ro\/wp-json\/wp\/v2\/product\/1046"}],"collection":[{"href":"https:\/\/shop.belar.md\/ro\/wp-json\/wp\/v2\/product"}],"about":[{"href":"https:\/\/shop.belar.md\/ro\/wp-json\/wp\/v2\/types\/product"}],"wp:featuredmedia":[{"embeddable":true,"href":"https:\/\/shop.belar.md\/ro\/wp-json\/wp\/v2\/media\/1045"}],"wp:attachment":[{"href":"https:\/\/shop.belar.md\/ro\/wp-json\/wp\/v2\/media?parent=1046"}],"wp:term":[{"taxonomy":"product_cat","embeddable":true,"href":"https:\/\/shop.belar.md\/ro\/wp-json\/wp\/v2\/product_cat?post=1046"},{"taxonomy":"product_tag","embeddable":true,"href":"https:\/\/shop.belar.md\/ro\/wp-json\/wp\/v2\/product_tag?post=1046"}],"curies":[{"name":"wp","href":"https:\/\/api.w.org\/{rel}","templated":true}]}}