{"id":1040,"date":"2021-02-17T16:38:52","date_gmt":"2021-02-17T16:38:52","guid":{"rendered":"http:\/\/shop.belar.md\/product\/christina-rose-de-mer-post-peel-kit\/"},"modified":"2026-04-20T05:06:05","modified_gmt":"2026-04-20T05:06:05","slug":"christina-rose-de-mer-post-peel-kit","status":"publish","type":"product","link":"https:\/\/shop.belar.md\/ro\/product\/christina-rose-de-mer-post-peel-kit\/","title":{"rendered":"Christina Rose de Mer  Post Peel Kit"},"content":{"rendered":"<p>\u00cen set:<br \/>\n&#8211; Agent de uscare uscat\u0103 Rose de Mer (Pasul 1)<br \/>\n&#8211; Rose de Mer calmant \u0219i hidratant calmant \u0219i hidratant (Pasul 2)<br \/>\n&#8211; Rose de Mer Peel &#038; Renew Exfoliant \u0219i Re\u00eennoire (Pasul 4)<br \/>\nMedicamentele \u00eembun\u0103t\u0103\u021besc rezultatul procedurii \u0219i promoveaz\u0103 recuperarea pielii dup\u0103 peeling, reduc riscul apari\u021biei complica\u021biilor post-peel precum hiperpigmentarea, reapari\u021bia acneei, eritemul.<br \/>\nIngrediente: Inclus: Agent de uscare uscat\u0103 Rose de Mer (Pasul 1), Agent calmant \u0219i hidratant Rose de Mer Calm &#038; Hydrate (Pasul 2), Agent de exfoliere \u0219i re\u00eennoire Rose de Mer Peel &#038; Renew (Pasul 4).<br \/>\nInstruc\u021biuni: Ser de uscare Rose de Mer Dry Out (Pasul 1) Aplica\u021bi un strat sub\u021bire pe pielea cur\u0103\u021bat\u0103 la fiecare 3-4 ore sub Crema de Protec\u021bie Post-Peel. \u00centrerupe\u021bi utilizarea de \u00eendat\u0103 ce \u00eencepe peelingul. Rose de Mer Calm &#038; Hydrate Ser calmant \u0219i hidratant (Pasul 2) Folosi\u021bi-l din momentul \u00een care v\u0103 dezlipi\u021bi. Aplica\u021bi un strat sub\u021bire pe pielea cur\u0103\u021bat\u0103 la fiecare 3-4 ore sub Crema Barier\u0103 Post-Peel. Dac\u0103 este necesar, completat cu o masc\u0103 crem\u0103 exfoliant\u0103 \u0219i re\u00eennoitoare. Rose de Mer Peel &#038; Renew Exfoliant &#038; Renewing Cream Mask (Pasul 3) Aplica\u021bi un strat sub\u021bire la fiecare 3-4 ore peste Serul calmant \u0219i hidratant \u00een perioada de peeling. Aplica\u021bi deasupra crema de barier\u0103 post-peel.<br \/>\n<\/p>","protected":false},"excerpt":{"rendered":"<p>Set pentru \u00eengrijirea post-peeling<\/p>\n","protected":false},"featured_media":1039,"template":"","meta":[],"product_cat":[41],"product_tag":[],"_links":{"self":[{"href":"https:\/\/shop.belar.md\/ro\/wp-json\/wp\/v2\/product\/1040"}],"collection":[{"href":"https:\/\/shop.belar.md\/ro\/wp-json\/wp\/v2\/product"}],"about":[{"href":"https:\/\/shop.belar.md\/ro\/wp-json\/wp\/v2\/types\/product"}],"wp:featuredmedia":[{"embeddable":true,"href":"https:\/\/shop.belar.md\/ro\/wp-json\/wp\/v2\/media\/1039"}],"wp:attachment":[{"href":"https:\/\/shop.belar.md\/ro\/wp-json\/wp\/v2\/media?parent=1040"}],"wp:term":[{"taxonomy":"product_cat","embeddable":true,"href":"https:\/\/shop.belar.md\/ro\/wp-json\/wp\/v2\/product_cat?post=1040"},{"taxonomy":"product_tag","embeddable":true,"href":"https:\/\/shop.belar.md\/ro\/wp-json\/wp\/v2\/product_tag?post=1040"}],"curies":[{"name":"wp","href":"https:\/\/api.w.org\/{rel}","templated":true}]}}