{"id":1038,"date":"2021-02-17T16:38:52","date_gmt":"2021-02-17T16:38:52","guid":{"rendered":"http:\/\/shop.belar.md\/product\/christina-rose-de-mer-peeling-soap\/"},"modified":"2026-04-15T05:02:57","modified_gmt":"2026-04-15T05:02:57","slug":"christina-rose-de-mer-peeling-soap","status":"publish","type":"product","link":"https:\/\/shop.belar.md\/ro\/product\/christina-rose-de-mer-peeling-soap\/","title":{"rendered":"Christina Rose de Mer Peeling Soap"},"content":{"rendered":"<p>Este extrem de eficient, lupt\u0103 cu succes \u00eempotriva problemelor precum acneea, pigmentarea inegal\u0103, porii m\u0103ri\u021bi, pielea de g\u0103in\u0103, descuamarea \u0219i pielea aspr\u0103. \u00cendep\u0103rteaz\u0103 corneocitele superficiale, uniformizeaz\u0103 textura pielii, stimuleaz\u0103 circula\u021bia s\u00e2ngelui, \u00eembun\u0103t\u0103\u021be\u0219te penetrarea ingredientelor active \u0219i are un efect antibacterian.<br \/>\nIngrediente: Palmitat de sodiu, olivat de sodiu, castorat de sodiu, glicerin\u0103, burete, pulbere de corali, dioxid de siliciu, extract de lichen<\/p>\n<p>Instruc\u021biuni:  Umezi\u021bi cu ap\u0103 cald\u0103 s\u0103punul peeling. Cu spuma creat\u0103, trata\u021bi pielea printr-o mi\u0219care circular\u0103 timp de 2-3 minute. Se spal\u0103 cu ap\u0103.<br \/>\n<\/p>","protected":false},"excerpt":{"rendered":"<p>S\u0103pun peeling, 55 ml<\/p>\n","protected":false},"featured_media":1037,"template":"","meta":[],"product_cat":[41],"product_tag":[],"_links":{"self":[{"href":"https:\/\/shop.belar.md\/ro\/wp-json\/wp\/v2\/product\/1038"}],"collection":[{"href":"https:\/\/shop.belar.md\/ro\/wp-json\/wp\/v2\/product"}],"about":[{"href":"https:\/\/shop.belar.md\/ro\/wp-json\/wp\/v2\/types\/product"}],"wp:featuredmedia":[{"embeddable":true,"href":"https:\/\/shop.belar.md\/ro\/wp-json\/wp\/v2\/media\/1037"}],"wp:attachment":[{"href":"https:\/\/shop.belar.md\/ro\/wp-json\/wp\/v2\/media?parent=1038"}],"wp:term":[{"taxonomy":"product_cat","embeddable":true,"href":"https:\/\/shop.belar.md\/ro\/wp-json\/wp\/v2\/product_cat?post=1038"},{"taxonomy":"product_tag","embeddable":true,"href":"https:\/\/shop.belar.md\/ro\/wp-json\/wp\/v2\/product_tag?post=1038"}],"curies":[{"name":"wp","href":"https:\/\/api.w.org\/{rel}","templated":true}]}}