{"id":1034,"date":"2021-02-17T16:38:50","date_gmt":"2021-02-17T16:38:50","guid":{"rendered":"http:\/\/shop.belar.md\/product\/christina-bio-phyto-zaatar-mask\/"},"modified":"2026-04-22T05:00:33","modified_gmt":"2026-04-22T05:00:33","slug":"christina-bio-phyto-zaatar-mask","status":"publish","type":"product","link":"https:\/\/shop.belar.md\/ro\/product\/christina-bio-phyto-zaatar-mask\/","title":{"rendered":"Christina Bio Phyto Zaatar Mask"},"content":{"rendered":"<p>Masca are un efect pronun\u021bat calmant \u0219i vindec\u0103tor al r\u0103nilor. Se utilizeaz\u0103 pentru pielea iritat\u0103, sensibil\u0103, deteriorat\u0103 \u00een urma procedurilor cosmetice agresive sau factorilor de mediu negativi. Extractele de plante medicinale au un efect antipruriginos, \u00eent\u0103resc sistemele de ap\u0103rare ale pielii.<br \/>\nIngrediente: Ap\u0103 deionizat\u0103, glicerin\u0103, oxid de zinc, extract de fruct de m\u0103sline, cear\u0103 de albine, acetat de tocoferol, extract de frunze de maghiran, floare de cimbru \/ extract de frunze, retinoat de hidroxipinocolon\u0103.<br \/>\nInstruc\u021biuni: Aplica\u021bi masca pe fa\u021b\u0103, evit\u00e2nd zona orbital\u0103. L\u0103sa\u021bi-l s\u0103 ac\u021bioneze 15-20 de minute. \u00cendep\u0103rta\u021bi cea mai mare parte a m\u0103\u0219tii cu un \u0219erve\u021bel cosmetic. Cl\u0103ti\u021bi resturile cu ap\u0103 cald\u0103. A se utiliza dup\u0103 o cur\u0103\u021bare profund\u0103 de 1-2 ori pe s\u0103pt\u0103m\u00e2n\u0103.<br \/>\n<\/p>","protected":false},"excerpt":{"rendered":"<p>Masc\u0103 \u201eZaatar\u201d, 75 ml<\/p>\n","protected":false},"featured_media":3761,"template":"","meta":[],"product_cat":[41],"product_tag":[],"_links":{"self":[{"href":"https:\/\/shop.belar.md\/ro\/wp-json\/wp\/v2\/product\/1034"}],"collection":[{"href":"https:\/\/shop.belar.md\/ro\/wp-json\/wp\/v2\/product"}],"about":[{"href":"https:\/\/shop.belar.md\/ro\/wp-json\/wp\/v2\/types\/product"}],"wp:featuredmedia":[{"embeddable":true,"href":"https:\/\/shop.belar.md\/ro\/wp-json\/wp\/v2\/media\/3761"}],"wp:attachment":[{"href":"https:\/\/shop.belar.md\/ro\/wp-json\/wp\/v2\/media?parent=1034"}],"wp:term":[{"taxonomy":"product_cat","embeddable":true,"href":"https:\/\/shop.belar.md\/ro\/wp-json\/wp\/v2\/product_cat?post=1034"},{"taxonomy":"product_tag","embeddable":true,"href":"https:\/\/shop.belar.md\/ro\/wp-json\/wp\/v2\/product_tag?post=1034"}],"curies":[{"name":"wp","href":"https:\/\/api.w.org\/{rel}","templated":true}]}}