{"id":1026,"date":"2021-02-17T16:38:47","date_gmt":"2021-02-17T16:38:47","guid":{"rendered":"http:\/\/shop.belar.md\/product\/christina-bio-phyto-balancing-cream\/"},"modified":"2026-04-23T08:00:26","modified_gmt":"2026-04-23T05:00:26","slug":"christina-bio-phyto-balancing-cream","status":"publish","type":"product","link":"https:\/\/shop.belar.md\/ro\/product\/christina-bio-phyto-balancing-cream\/","title":{"rendered":"Christina Bio Phyto Balancing Cream"},"content":{"rendered":"<p>O crem\u0103 u\u0219oar\u0103 f\u0103r\u0103 protec\u021bie UV cu efecte hidratante, catifelante \u0219i antiinflamatoare. Calmeaz\u0103 \u0219i re\u00eemprosp\u0103teaz\u0103 pielea. Poate fi folosit ca baz\u0103 de machiaj \u00een lunile mai calde.<br \/>\nIngrediente: Ap\u0103 deionizat\u0103, extract din scoar\u021b\u0103 de scor\u021bi\u0219oar\u0103 din Ceylon, sarcozin\u0103, unt de shea, ulei de migdale dulci, extract de flori de calendula, ulei din semin\u021be de floarea-soarelui, suc de frunze de aloe barbados, maltodextrin\u0103, extract de frunze chineze de camelie, ulei de pete de mu\u0219cat.<br \/>\nInstruc\u021biuni: Aplica\u021bi un strat sub\u021bire pe pielea cur\u0103\u021bat\u0103 a fe\u021bei, g\u00e2tului, decolteului.<br \/>\n<\/p>","protected":false},"excerpt":{"rendered":"<p>Crem\u0103 de echilibrare, 75 ml<\/p>\n","protected":false},"featured_media":3709,"template":"","meta":[],"product_cat":[40,41],"product_tag":[],"_links":{"self":[{"href":"https:\/\/shop.belar.md\/ro\/wp-json\/wp\/v2\/product\/1026"}],"collection":[{"href":"https:\/\/shop.belar.md\/ro\/wp-json\/wp\/v2\/product"}],"about":[{"href":"https:\/\/shop.belar.md\/ro\/wp-json\/wp\/v2\/types\/product"}],"wp:featuredmedia":[{"embeddable":true,"href":"https:\/\/shop.belar.md\/ro\/wp-json\/wp\/v2\/media\/3709"}],"wp:attachment":[{"href":"https:\/\/shop.belar.md\/ro\/wp-json\/wp\/v2\/media?parent=1026"}],"wp:term":[{"taxonomy":"product_cat","embeddable":true,"href":"https:\/\/shop.belar.md\/ro\/wp-json\/wp\/v2\/product_cat?post=1026"},{"taxonomy":"product_tag","embeddable":true,"href":"https:\/\/shop.belar.md\/ro\/wp-json\/wp\/v2\/product_tag?post=1026"}],"curies":[{"name":"wp","href":"https:\/\/api.w.org\/{rel}","templated":true}]}}