{"id":1024,"date":"2021-02-17T16:38:47","date_gmt":"2021-02-17T16:38:47","guid":{"rendered":"http:\/\/shop.belar.md\/product\/christina-bio-phyto-anti-rougeurs-mask\/"},"modified":"2026-04-20T05:03:07","modified_gmt":"2026-04-20T05:03:07","slug":"christina-bio-phyto-anti-rougeurs-mask","status":"publish","type":"product","link":"https:\/\/shop.belar.md\/ro\/product\/christina-bio-phyto-anti-rougeurs-mask\/","title":{"rendered":"Christina Bio Phyto Anti Rougeurs mask"},"content":{"rendered":"<p>Elimin\u0103 eficient manifest\u0103rile hiperemiei \u0219i amelioreaz\u0103 umfl\u0103turile. \u00cent\u0103re\u0219te pere\u021bii vaselor de s\u00e2nge. Las\u0103 pielea s\u0103 arate proasp\u0103t\u0103 \u0219i odihnit\u0103.<br \/>\nIngrediente: Ap\u0103 deionizat\u0103, caolin, glicerin\u0103, oxid de zinc, extract de flori de galben\u0103, ulei din semin\u021be de floarea-soarelui, ulei din semin\u021be de struguri, dioxid de titan, extract din fructe de ardei tasmanian, extract de propolis, acid citric, camfor, lactat de mentil, ulei de p\u0103m\u00e2nt de mu\u0219cat\u0103.<br \/>\nInstruc\u021biuni: Aplica\u021bi masca pe fa\u021b\u0103, evit\u00e2nd zona orbital\u0103. Se las\u0103 s\u0103 ac\u021bioneze 15-20 de minute, apoi se cl\u0103te\u0219te cu ap\u0103 cald\u0103. Utiliza\u021bi de 1-2 ori pe s\u0103pt\u0103m\u00e2n\u0103 dup\u0103 cur\u0103\u021barea profund\u0103 a pielii.<br \/>\n<\/p>","protected":false},"excerpt":{"rendered":"<p>Masc\u0103 anticuperoz\u0103, 75 ml<\/p>\n","protected":false},"featured_media":3713,"template":"","meta":[],"product_cat":[41],"product_tag":[],"_links":{"self":[{"href":"https:\/\/shop.belar.md\/ro\/wp-json\/wp\/v2\/product\/1024"}],"collection":[{"href":"https:\/\/shop.belar.md\/ro\/wp-json\/wp\/v2\/product"}],"about":[{"href":"https:\/\/shop.belar.md\/ro\/wp-json\/wp\/v2\/types\/product"}],"wp:featuredmedia":[{"embeddable":true,"href":"https:\/\/shop.belar.md\/ro\/wp-json\/wp\/v2\/media\/3713"}],"wp:attachment":[{"href":"https:\/\/shop.belar.md\/ro\/wp-json\/wp\/v2\/media?parent=1024"}],"wp:term":[{"taxonomy":"product_cat","embeddable":true,"href":"https:\/\/shop.belar.md\/ro\/wp-json\/wp\/v2\/product_cat?post=1024"},{"taxonomy":"product_tag","embeddable":true,"href":"https:\/\/shop.belar.md\/ro\/wp-json\/wp\/v2\/product_tag?post=1024"}],"curies":[{"name":"wp","href":"https:\/\/api.w.org\/{rel}","templated":true}]}}