{"id":1020,"date":"2021-02-17T16:38:45","date_gmt":"2021-02-17T16:38:45","guid":{"rendered":"http:\/\/shop.belar.md\/product\/christina-bio-phyto-absolute-detox-serum\/"},"modified":"2026-04-30T08:00:30","modified_gmt":"2026-04-30T05:00:30","slug":"christina-bio-phyto-absolute-detox-serum","status":"publish","type":"product","link":"https:\/\/shop.belar.md\/ro\/product\/christina-bio-phyto-absolute-detox-serum\/","title":{"rendered":"Christina Bio Phyto Absolute Detox Serum"},"content":{"rendered":"<p>Hidrateaz\u0103 \u0219i normalizeaz\u0103 pH-ul pielii datorit\u0103 acidului lactic, cu utilizare regulat\u0103 combate hiperkeratoza \u0219i previne inflama\u021bia. Cre\u0219te protec\u021bia antioxidant\u0103 a celulelor. Indispensabil pentru locuitorii ora\u0219elor.<br \/>\nIngrediente: Ap\u0103 deionizat\u0103, glicerin\u0103, acetat de tocoferol, hexapeptid\u0103 de fier-35 \u0219i extract de ciuperci de ghea\u021b\u0103, glicozaminoglicani, glicogen, cofein\u0103, extract de plancton, acid lactic.<br \/>\nInstruc\u021biuni: Aplica\u021bi o cantitate mic\u0103 de ser pe pielea cur\u0103\u021bat\u0103 a fe\u021bei, aplica\u021bi cu mi\u0219c\u0103ri u\u0219oare de b\u0103taie p\u00e2n\u0103 la absorb\u021bia complet\u0103. Apoi aplica\u021bi crema \u00een func\u021bie de momentul zilei.<br \/>\n<\/p>","protected":false},"excerpt":{"rendered":"<p>Ser detoxifiant &#8220;Absolut&#8221;, 30 ml<\/p>\n","protected":false},"featured_media":3711,"template":"","meta":[],"product_cat":[41],"product_tag":[],"_links":{"self":[{"href":"https:\/\/shop.belar.md\/ro\/wp-json\/wp\/v2\/product\/1020"}],"collection":[{"href":"https:\/\/shop.belar.md\/ro\/wp-json\/wp\/v2\/product"}],"about":[{"href":"https:\/\/shop.belar.md\/ro\/wp-json\/wp\/v2\/types\/product"}],"wp:featuredmedia":[{"embeddable":true,"href":"https:\/\/shop.belar.md\/ro\/wp-json\/wp\/v2\/media\/3711"}],"wp:attachment":[{"href":"https:\/\/shop.belar.md\/ro\/wp-json\/wp\/v2\/media?parent=1020"}],"wp:term":[{"taxonomy":"product_cat","embeddable":true,"href":"https:\/\/shop.belar.md\/ro\/wp-json\/wp\/v2\/product_cat?post=1020"},{"taxonomy":"product_tag","embeddable":true,"href":"https:\/\/shop.belar.md\/ro\/wp-json\/wp\/v2\/product_tag?post=1020"}],"curies":[{"name":"wp","href":"https:\/\/api.w.org\/{rel}","templated":true}]}}