{"id":1018,"date":"2021-02-17T16:38:44","date_gmt":"2021-02-17T16:38:44","guid":{"rendered":"http:\/\/shop.belar.md\/product\/christina-bio-phyto-enlightening-eye-and-neck-cream\/"},"modified":"2026-04-20T05:03:09","modified_gmt":"2026-04-20T05:03:09","slug":"christina-bio-phyto-enlightening-eye-and-neck-cream","status":"publish","type":"product","link":"https:\/\/shop.belar.md\/ro\/product\/christina-bio-phyto-enlightening-eye-and-neck-cream\/","title":{"rendered":"Christina Bio Phyto Enlightening Eye and Neck Cream"},"content":{"rendered":"<p>Ofer\u0103 o hidratare \u0219i o nutri\u021bie optima, combate pigmentarea \u0219i reduce umfl\u0103turile din jurul ochilor. Are un effect pronun\u021bat de lifting.<br \/>\nIngrediente: Ap\u0103 deionizat\u0103, hialuronat de sodiu, cear\u0103 de albine, extract de frunze de ginkgo biloba, acid citric, proteine din soia, proteine din orez hidrolizate, oxidoreductaz\u0103, acetat de tocoferol, dimeticon\u0103, cofein\u0103, gum\u0103 xantan.<br \/>\nInstruc\u021biuni: Aplica\u021bi un strat sub\u021bire pe piele \u00een jurul ochilor \u0219i g\u00e2tului \u0219i aplica\u021bi cu mi\u0219c\u0103ri u\u0219oare p\u00e2n\u0103 la absorb\u021bia complet\u0103.<br \/>\n<\/p>","protected":false},"excerpt":{"rendered":"<p>Crem\u0103 pentru ochi \u0219i g\u00e2t cu effect de iluminare, 30ml<\/p>\n","protected":false},"featured_media":3712,"template":"","meta":[],"product_cat":[41],"product_tag":[],"_links":{"self":[{"href":"https:\/\/shop.belar.md\/ro\/wp-json\/wp\/v2\/product\/1018"}],"collection":[{"href":"https:\/\/shop.belar.md\/ro\/wp-json\/wp\/v2\/product"}],"about":[{"href":"https:\/\/shop.belar.md\/ro\/wp-json\/wp\/v2\/types\/product"}],"wp:featuredmedia":[{"embeddable":true,"href":"https:\/\/shop.belar.md\/ro\/wp-json\/wp\/v2\/media\/3712"}],"wp:attachment":[{"href":"https:\/\/shop.belar.md\/ro\/wp-json\/wp\/v2\/media?parent=1018"}],"wp:term":[{"taxonomy":"product_cat","embeddable":true,"href":"https:\/\/shop.belar.md\/ro\/wp-json\/wp\/v2\/product_cat?post=1018"},{"taxonomy":"product_tag","embeddable":true,"href":"https:\/\/shop.belar.md\/ro\/wp-json\/wp\/v2\/product_tag?post=1018"}],"curies":[{"name":"wp","href":"https:\/\/api.w.org\/{rel}","templated":true}]}}