{"id":1016,"date":"2021-02-17T16:38:44","date_gmt":"2021-02-17T16:38:44","guid":{"rendered":"http:\/\/shop.belar.md\/product\/christina-bio-phyto-ultimate-defence-tinted-day-cream-spf-20\/"},"modified":"2026-04-16T05:00:38","modified_gmt":"2026-04-16T05:00:38","slug":"christina-bio-phyto-ultimate-defence-tinted-day-cream-spf-20","status":"publish","type":"product","link":"https:\/\/shop.belar.md\/ro\/product\/christina-bio-phyto-ultimate-defence-tinted-day-cream-spf-20\/","title":{"rendered":"SPF 20 crem\u0103 protectoare cu un ton pentru pielea combinat\u0103"},"content":{"rendered":"<p>Hidrateaz\u0103 \u0219i protejeaz\u0103 pielea pe tot parcursul zilei. Are o densitate medie, cu protec\u021bie UV (filtre foto fizice \u0219i chimice), dar totu\u0219i \u0219i cu un efect tonal.<br \/>\nIngrediente: Ap\u0103 deionizat\u0103, triazin\u0103, acid stearic, hialuronat de sodiu, demiticon\u0103, triazon\u0103, alumin\u0103, dioxid de titan, oxid de fier, extract de frunze chineze\u0219ti de camelie, geraniol, limonen, acetat de tocoferol, fitat de sodiu, acid folic.<br \/>\nInstruc\u021biuni: Aplica\u021bi o cantitate mic\u0103 de preparat uniform pe pielea fe\u021bei. Distribui\u021bi cu degetele \u0219i aplica\u021bi cu mi\u0219c\u0103ri lente, nu freca\u021bi pentru a ob\u021bine o nuan\u021b\u0103 frumoas\u0103.<\/p>","protected":false},"excerpt":{"rendered":"<p>Christina Bio Phyto Ultimate Defence Tinted Day Cream SPF 20, 75 ml<\/p>\n","protected":false},"featured_media":1015,"template":"","meta":[],"product_cat":[41],"product_tag":[],"_links":{"self":[{"href":"https:\/\/shop.belar.md\/ro\/wp-json\/wp\/v2\/product\/1016"}],"collection":[{"href":"https:\/\/shop.belar.md\/ro\/wp-json\/wp\/v2\/product"}],"about":[{"href":"https:\/\/shop.belar.md\/ro\/wp-json\/wp\/v2\/types\/product"}],"wp:featuredmedia":[{"embeddable":true,"href":"https:\/\/shop.belar.md\/ro\/wp-json\/wp\/v2\/media\/1015"}],"wp:attachment":[{"href":"https:\/\/shop.belar.md\/ro\/wp-json\/wp\/v2\/media?parent=1016"}],"wp:term":[{"taxonomy":"product_cat","embeddable":true,"href":"https:\/\/shop.belar.md\/ro\/wp-json\/wp\/v2\/product_cat?post=1016"},{"taxonomy":"product_tag","embeddable":true,"href":"https:\/\/shop.belar.md\/ro\/wp-json\/wp\/v2\/product_tag?post=1016"}],"curies":[{"name":"wp","href":"https:\/\/api.w.org\/{rel}","templated":true}]}}