{"id":1014,"date":"2021-02-17T16:38:43","date_gmt":"2021-02-17T16:38:43","guid":{"rendered":"http:\/\/shop.belar.md\/product\/christina-bio-phyto-alluring-serum\/"},"modified":"2026-04-16T05:00:37","modified_gmt":"2026-04-16T05:00:37","slug":"christina-bio-phyto-alluring-serum","status":"publish","type":"product","link":"https:\/\/shop.belar.md\/ro\/product\/christina-bio-phyto-alluring-serum\/","title":{"rendered":"Christina Bio Phyto Alluring Serum"},"content":{"rendered":"<p>Hidrateaz\u0103 pielea, \u00eei m\u0103re\u0219te elasticitatea. Datorit\u0103 vitaminei C, uniformizeaz\u0103 tenul, \u00eent\u0103re\u0219te capilarele \u0219i \u00eembun\u0103t\u0103\u021be\u0219te imunitatea pielii. Combate procesele de glica\u021bie, prelungind tinere\u021bea.<br \/>\nIngrediente: Hialuronat de sodiu, extract de scoar\u021b\u0103 de salc\u00e2m din Lenkoran, acid ascorbic, fructoz\u0103, glicin\u0103, vitamine B, acid pirolidon carboxilic, uree, extract de frunze de urs, fosfat de ascorbil sodic.<br \/>\nInstruc\u021biuni: Aplica\u021bi o cantitate mic\u0103 de ser pe fa\u021b\u0103, g\u00e2t \u0219i decolteu. Introduce\u021bi cu mi\u0219c\u0103ri u\u0219oare p\u00e2n\u0103 la absorb\u021bia complet\u0103. Apoi aplica\u021bi crema \u00een func\u021bie de momentul zilei.<br \/>\n<\/p>","protected":false},"excerpt":{"rendered":"<p>Ser &#8220;Charm&#8221;, 30 ml<\/p>\n","protected":false},"featured_media":1013,"template":"","meta":[],"product_cat":[41],"product_tag":[],"_links":{"self":[{"href":"https:\/\/shop.belar.md\/ro\/wp-json\/wp\/v2\/product\/1014"}],"collection":[{"href":"https:\/\/shop.belar.md\/ro\/wp-json\/wp\/v2\/product"}],"about":[{"href":"https:\/\/shop.belar.md\/ro\/wp-json\/wp\/v2\/types\/product"}],"wp:featuredmedia":[{"embeddable":true,"href":"https:\/\/shop.belar.md\/ro\/wp-json\/wp\/v2\/media\/1013"}],"wp:attachment":[{"href":"https:\/\/shop.belar.md\/ro\/wp-json\/wp\/v2\/media?parent=1014"}],"wp:term":[{"taxonomy":"product_cat","embeddable":true,"href":"https:\/\/shop.belar.md\/ro\/wp-json\/wp\/v2\/product_cat?post=1014"},{"taxonomy":"product_tag","embeddable":true,"href":"https:\/\/shop.belar.md\/ro\/wp-json\/wp\/v2\/product_tag?post=1014"}],"curies":[{"name":"wp","href":"https:\/\/api.w.org\/{rel}","templated":true}]}}