{"id":1010,"date":"2021-02-17T16:38:41","date_gmt":"2021-02-17T16:38:41","guid":{"rendered":"http:\/\/shop.belar.md\/product\/christina-bio-phyto-mild-facial-cleanser\/"},"modified":"2026-04-18T05:02:26","modified_gmt":"2026-04-18T05:02:26","slug":"christina-bio-phyto-mild-facial-cleanser","status":"publish","type":"product","link":"https:\/\/shop.belar.md\/ro\/product\/christina-bio-phyto-mild-facial-cleanser\/","title":{"rendered":"Christina Bio Phyto Mild Facial Cleanser"},"content":{"rendered":"<p>Gelul pe baz\u0103 de extracte de plante medicinale cur\u0103\u021b\u0103 delicat pielea de impurit\u0103\u021bile de suprafa\u021b\u0103 \u0219i de machiaj, preg\u0103tindu-l pentru etapele ulterioare de \u00eengrijire. Potrivit pentru zona ochilor. Are o consisten\u021b\u0103 moale \u0219i o arom\u0103 pl\u0103cut\u0103. Economic \u00een consum.<\/p>\n<p>Remediu Universal: poate fi folosit pentru orice tip de piele, pentru orice problem\u0103 \u0219i la orice v\u00e2rst\u0103.<\/p>\n<p><strong>V\u00e2rst\u0103<\/strong>: f\u0103r\u0103 restric\u021bii.<\/p>\n<p><strong>Tipul de piele<\/strong>: orice tip.<\/p>\n<p><strong>Problem\u0103 estetic\u0103<\/strong>: elemente inflamatorii, str\u0103lucire gras\u0103, rozacee, post-acnee, piele sensibil\u0103<\/p>\n<p><strong>Aplicare<\/strong>: Aplica\u021bi o cantitate mic\u0103 de medicament pe degetele umede, spuma\u021bi pu\u021bin \u0219i distribui\u021bi \u00een mi\u0219c\u0103ri circulare pe suprafa\u021ba pielii, efectua\u021bi o demakiyazh \u0219i \/ sau cur\u0103\u021barea pielii. Cl\u0103ti\u021bi cu ap\u0103 cald\u0103.<\/p>\n<p><strong>Ingrediente<\/strong> <strong>Active<\/strong>: glicerin\u0103, sulfat de cocet de sodiu, acid citric, clorfenezin\u0103, extract de hamamelis, etilhexilglicerin\u0103, extract de castrave\u021bi, extract de frunze de ceai verde, acid dehidroacetic.<\/p>","protected":false},"excerpt":{"rendered":"<p>Christina Bio Phyto Mild Facial Cleanser, 250 ml<\/p>\n","protected":false},"featured_media":1009,"template":"","meta":[],"product_cat":[41],"product_tag":[],"_links":{"self":[{"href":"https:\/\/shop.belar.md\/ro\/wp-json\/wp\/v2\/product\/1010"}],"collection":[{"href":"https:\/\/shop.belar.md\/ro\/wp-json\/wp\/v2\/product"}],"about":[{"href":"https:\/\/shop.belar.md\/ro\/wp-json\/wp\/v2\/types\/product"}],"wp:featuredmedia":[{"embeddable":true,"href":"https:\/\/shop.belar.md\/ro\/wp-json\/wp\/v2\/media\/1009"}],"wp:attachment":[{"href":"https:\/\/shop.belar.md\/ro\/wp-json\/wp\/v2\/media?parent=1010"}],"wp:term":[{"taxonomy":"product_cat","embeddable":true,"href":"https:\/\/shop.belar.md\/ro\/wp-json\/wp\/v2\/product_cat?post=1010"},{"taxonomy":"product_tag","embeddable":true,"href":"https:\/\/shop.belar.md\/ro\/wp-json\/wp\/v2\/product_tag?post=1010"}],"curies":[{"name":"wp","href":"https:\/\/api.w.org\/{rel}","templated":true}]}}