{"id":1006,"date":"2021-02-17T16:38:40","date_gmt":"2021-02-17T16:38:40","guid":{"rendered":"http:\/\/shop.belar.md\/product\/christina-comodex-soothe-regulate-mask\/"},"modified":"2026-04-20T05:03:34","modified_gmt":"2026-04-20T05:03:34","slug":"christina-comodex-soothe-regulate-mask","status":"publish","type":"product","link":"https:\/\/shop.belar.md\/ro\/product\/christina-comodex-soothe-regulate-mask\/","title":{"rendered":"Christina Comodex Soothe &#038; Regulate Mask"},"content":{"rendered":"<p>Echilibreaz\u0103 secre\u021bia \u0219i excre\u021bia glandelor sebacee. Are efect antibacterian. Previne reaparitia comedoanelor, calmeaza, amelioreaza iritarea si roseata.<br \/>\nComplex BSASM &#8211; are propriet\u0103\u021bi antiinflamatorii, antibacteriene \u0219i antioxidante.<br \/>\nExtractul de ardei tasmanian &#8211; are un efect calmant instantaneu. Are propriet\u0103\u021bi antioxidante \u0219i antiinflamatoare.<br \/>\nIngrediente active: Caolin, oxid de zinc, dioxid de titan, extracte de ceai verde, centella asiatic\u0103, flori de mu\u0219e\u021bel, sulf, camfor, alantoin\u0103, biotin\u0103, extract de ciuperci, niacinamid\u0103, pantenol, piridoxin\u0103, acid citric, acid salicilic, alantoin\u0103.<br \/>\nInstruc\u021biuni: Aplica\u021bi 3-4 ml de preparat pe toat\u0103 fa\u021ba (evit\u00e2nd zona orbital\u0103), l\u0103sa\u021bi 15 minute, apoi cl\u0103ti\u021bi cu ap\u0103 cald\u0103. Utiliza\u021bi de 2 ori pe s\u0103pt\u0103m\u00e2n\u0103.<br \/>\n<\/p>","protected":false},"excerpt":{"rendered":"<p>Masc\u0103 calmant\u0103 de reglare a sebumului, 75 ml<\/p>\n","protected":false},"featured_media":3700,"template":"","meta":[],"product_cat":[41],"product_tag":[],"_links":{"self":[{"href":"https:\/\/shop.belar.md\/ro\/wp-json\/wp\/v2\/product\/1006"}],"collection":[{"href":"https:\/\/shop.belar.md\/ro\/wp-json\/wp\/v2\/product"}],"about":[{"href":"https:\/\/shop.belar.md\/ro\/wp-json\/wp\/v2\/types\/product"}],"wp:featuredmedia":[{"embeddable":true,"href":"https:\/\/shop.belar.md\/ro\/wp-json\/wp\/v2\/media\/3700"}],"wp:attachment":[{"href":"https:\/\/shop.belar.md\/ro\/wp-json\/wp\/v2\/media?parent=1006"}],"wp:term":[{"taxonomy":"product_cat","embeddable":true,"href":"https:\/\/shop.belar.md\/ro\/wp-json\/wp\/v2\/product_cat?post=1006"},{"taxonomy":"product_tag","embeddable":true,"href":"https:\/\/shop.belar.md\/ro\/wp-json\/wp\/v2\/product_tag?post=1006"}],"curies":[{"name":"wp","href":"https:\/\/api.w.org\/{rel}","templated":true}]}}