{"id":1002,"date":"2021-02-17T16:38:38","date_gmt":"2021-02-17T16:38:38","guid":{"rendered":"http:\/\/shop.belar.md\/product\/christina-comodex-renew-repair-night-treatment\/"},"modified":"2026-04-18T05:02:28","modified_gmt":"2026-04-18T05:02:28","slug":"christina-comodex-renew-repair-night-treatment","status":"publish","type":"product","link":"https:\/\/shop.belar.md\/ro\/product\/christina-comodex-renew-repair-night-treatment\/","title":{"rendered":"Christina Comodex Renew &#038; Repair Night Treatment"},"content":{"rendered":"<p>Gelul care con\u021bine retinol are un puternic efect seboregulator \u0219i antiinflamator, corecteaz\u0103 pigmentarea post-acneic\u0103, uniformizeaz\u0103 calmarea pielii \u0219i reduce frecven\u021ba noilor elemente inflamatorii.<br \/>\nAsigur\u0103 o penetrare maxim\u0103, accelereaz\u0103 diviziunea \u0219i regenerarea celular\u0103, \u00eempreun\u0103 cu formarea de collagen. Acidul salicilic &#8211; \u00eendep\u0103rteaz\u0103 celulele moarte, cur\u0103\u021b\u0103 pielea de excesul de ulei \u0219i bacterii. Vitamina C \u00eentr-o form\u0103 stabil\u0103 este un antioxidant, reduce inflama\u021bia \u0219i iritarea \u0219i stimuleaz\u0103 produc\u021bia de colagen.<br \/>\nIngrediente active: Acid salicilic, acid citric, licopen, acid kojic, extract de frunze de ceai verde, flori de mu\u0219e\u021bel, glicogen, extract de frunze medicinale de ramarin, acid fitic, lecitin\u0103, acid lactic, hexanoil dipeptid\u0103-3 acetat de norlecin\u0103, retinol.<br \/>\nInstruc\u021biuni: Aplica\u021bi de 2 ori pe s\u0103pt\u0103m\u00e2n\u0103 seara pe fa\u021ba cur\u0103\u021bat\u0103, acord\u00e2nd aten\u021bie zonelor de inflama\u021bie, evit\u00e2nd zona orbital\u0103. \u00cen absen\u021ba reac\u021biilor nedorite (usc\u0103ciune, peeling), pute\u021bi cre\u0219te treptat frecven\u021ba de utilizare, aduc\u00e2ndu-l \u00een fiecare noapte.<br \/>\n<\/p>","protected":false},"excerpt":{"rendered":"<p>Ser de noapte, 50 ml<\/p>\n","protected":false},"featured_media":3667,"template":"","meta":[],"product_cat":[41],"product_tag":[],"_links":{"self":[{"href":"https:\/\/shop.belar.md\/ro\/wp-json\/wp\/v2\/product\/1002"}],"collection":[{"href":"https:\/\/shop.belar.md\/ro\/wp-json\/wp\/v2\/product"}],"about":[{"href":"https:\/\/shop.belar.md\/ro\/wp-json\/wp\/v2\/types\/product"}],"wp:featuredmedia":[{"embeddable":true,"href":"https:\/\/shop.belar.md\/ro\/wp-json\/wp\/v2\/media\/3667"}],"wp:attachment":[{"href":"https:\/\/shop.belar.md\/ro\/wp-json\/wp\/v2\/media?parent=1002"}],"wp:term":[{"taxonomy":"product_cat","embeddable":true,"href":"https:\/\/shop.belar.md\/ro\/wp-json\/wp\/v2\/product_cat?post=1002"},{"taxonomy":"product_tag","embeddable":true,"href":"https:\/\/shop.belar.md\/ro\/wp-json\/wp\/v2\/product_tag?post=1002"}],"curies":[{"name":"wp","href":"https:\/\/api.w.org\/{rel}","templated":true}]}}