{"id":1000,"date":"2021-02-17T16:38:37","date_gmt":"2021-02-17T16:38:37","guid":{"rendered":"http:\/\/shop.belar.md\/product\/christina-comodex-moist-illuminate-eye-treatment\/"},"modified":"2026-04-19T05:00:39","modified_gmt":"2026-04-19T05:00:39","slug":"christina-comodex-moist-illuminate-eye-treatment","status":"publish","type":"product","link":"https:\/\/shop.belar.md\/ro\/product\/christina-comodex-moist-illuminate-eye-treatment\/","title":{"rendered":"Christina  Comodex Moist &#038; Illuminate Eye Treatment"},"content":{"rendered":"<p>Hidrateaz\u0103 pielea din jurul ochilor, reduce cearc\u0103nele \u0219i umfl\u0103turile.<br \/>\nCentheal Complex &#8211; are efect antiinflamator.<br \/>\nComplex Beautifeye &#8211; are un efect anti-\u00eemb\u0103tr\u00e2nire, \u00eent\u0103re\u0219te structura dermic\u0103, reduce cearc\u0103nele \u0219i umfl\u0103turile.<br \/>\nComplexul Aquaderm &#8211; men\u021bine nivelul optim de umiditate, \u00eembun\u0103t\u0103\u021be\u0219te capacitatea pielii de a re\u021bine umezeala, stimuleaz\u0103 sinteza colagenului.<br \/>\nIngrediente active: Licopen, acid citric, fructoz\u0103, glicin\u0103, vitaminele B8, B3, acid lactic, sare de sodiu a acidului L-piroglutamic, uree, extracte de scoar\u021b\u0103 de salc\u00e2m, darutozid, extract Asiatica Centella, hialuronat de sodiu, alantoin\u0103.<br \/>\nInstruc\u021biuni: Aplica\u021bi o cantitate mic\u0103 de gel pe pielea din jurul ochilor, aplica\u021bi cu mi\u0219c\u0103ri u\u0219oare p\u00e2n\u0103 la absorb\u021bia complet\u0103. Utiliza\u021bi de 1-2 ori pe zi.<br \/>\n<\/p>","protected":false},"excerpt":{"rendered":"<p>Gel de ochi hidratant Radiance, 30 ml<\/p>\n","protected":false},"featured_media":3669,"template":"","meta":[],"product_cat":[41],"product_tag":[],"_links":{"self":[{"href":"https:\/\/shop.belar.md\/ro\/wp-json\/wp\/v2\/product\/1000"}],"collection":[{"href":"https:\/\/shop.belar.md\/ro\/wp-json\/wp\/v2\/product"}],"about":[{"href":"https:\/\/shop.belar.md\/ro\/wp-json\/wp\/v2\/types\/product"}],"wp:featuredmedia":[{"embeddable":true,"href":"https:\/\/shop.belar.md\/ro\/wp-json\/wp\/v2\/media\/3669"}],"wp:attachment":[{"href":"https:\/\/shop.belar.md\/ro\/wp-json\/wp\/v2\/media?parent=1000"}],"wp:term":[{"taxonomy":"product_cat","embeddable":true,"href":"https:\/\/shop.belar.md\/ro\/wp-json\/wp\/v2\/product_cat?post=1000"},{"taxonomy":"product_tag","embeddable":true,"href":"https:\/\/shop.belar.md\/ro\/wp-json\/wp\/v2\/product_tag?post=1000"}],"curies":[{"name":"wp","href":"https:\/\/api.w.org\/{rel}","templated":true}]}}